{"id":3,"date":"2025-01-30T14:57:20","date_gmt":"2025-01-30T14:57:20","guid":{"rendered":"https:\/\/tbi-invest.com\/?page_id=3"},"modified":"2025-06-13T15:02:44","modified_gmt":"2025-06-13T15:02:44","slug":"politica-de-privacidade","status":"publish","type":"page","link":"https:\/\/tbi-invest.com\/en\/politica-de-privacidade\/","title":{"rendered":"Privacy Policy"},"content":{"rendered":"<div data-elementor-type=\"wp-page\" data-elementor-id=\"3\" class=\"elementor elementor-3\">\n\t\t\t\t\t\t<section class=\"elementor-section elementor-top-section elementor-element elementor-element-4468ba8f elementor-section-height-min-height elementor-section-boxed elementor-section-height-default elementor-section-items-middle wpr-particle-no wpr-jarallax-no wpr-parallax-no wpr-sticky-section-no\" data-id=\"4468ba8f\" data-element_type=\"section\" id=\"investimento-imob\" data-settings=\"{&quot;background_background&quot;:&quot;classic&quot;}\">\n\t\t\t\t\t\t<div class=\"elementor-container elementor-column-gap-default\">\n\t\t\t\t\t<div class=\"elementor-column elementor-col-100 elementor-top-column elementor-element elementor-element-5302779f\" data-id=\"5302779f\" data-element_type=\"column\">\n\t\t\t<div class=\"elementor-widget-wrap elementor-element-populated\">\n\t\t\t\t\t\t<div class=\"elementor-element elementor-element-fcec59d elementor-widget elementor-widget-spacer\" data-id=\"fcec59d\" data-element_type=\"widget\" data-widget_type=\"spacer.default\">\n\t\t\t\t<div class=\"elementor-widget-container\">\n\t\t\t\t\t\t\t<div class=\"elementor-spacer\">\n\t\t\t<div class=\"elementor-spacer-inner\"><\/div>\n\t\t<\/div>\n\t\t\t\t\t\t<\/div>\n\t\t\t\t<\/div>\n\t\t\t\t<div class=\"elementor-element elementor-element-52c6fb8a elementor-widget elementor-widget-heading\" data-id=\"52c6fb8a\" data-element_type=\"widget\" data-widget_type=\"heading.default\">\n\t\t\t\t<div class=\"elementor-widget-container\">\n\t\t\t\t\t<h2 class=\"elementor-heading-title elementor-size-default\">POL\u00cdTICA DE PRIVACIDADE\u200b<\/h2>\t\t\t\t<\/div>\n\t\t\t\t<\/div>\n\t\t\t\t<div class=\"elementor-element elementor-element-5a8a0052 elementor-widget elementor-widget-text-editor\" data-id=\"5a8a0052\" data-element_type=\"widget\" data-widget_type=\"text-editor.default\">\n\t\t\t\t<div class=\"elementor-widget-container\">\n\t\t\t\t\t\t\t\t\t<h2 class=\"wp-block-heading\"><b>Quem somos<\/b><\/h2>\n<p><!-- \/wp:heading --><!-- wp:paragraph --><\/p>\n<p>A TBI &#8211; Investimentos \u00e9 uma empresa portuguesa especializada em constru\u00e7\u00e3o e promo\u00e7\u00e3o imobili\u00e1ria. O nosso site \u00e9: tbi-invest.com.<\/p>\n<p><!-- \/wp:paragraph --><!-- wp:heading --><\/p>\n<h2 class=\"wp-block-heading\"><b>Dados recolhidos atrav\u00e9s de formul\u00e1rios<\/b><\/h2>\n<p><!-- \/wp:heading --><!-- wp:paragraph --><\/p>\n<p>Quando preenche um formul\u00e1rio no nosso site, recolhemos os dados fornecidos, como nome, endere\u00e7o de email e qualquer outra informa\u00e7\u00e3o solicitada no formul\u00e1rio. Estes dados ser\u00e3o utilizados apenas para os fins indicados no momento da recolha, como responder \u00e0 sua solicita\u00e7\u00e3o ou fornecer o servi\u00e7o solicitado.<\/p>\n<p><!-- \/wp:paragraph --><!-- wp:heading --><\/p>\n<h2 class=\"wp-block-heading\"><b>Cookies<\/b><\/h2>\n<p><!-- \/wp:heading --><!-- wp:paragraph --><\/p>\n<p>Podemos utilizar cookies para melhorar a sua experi\u00eancia de navega\u00e7\u00e3o no site. Estes cookies n\u00e3o recolhem dados pessoais identific\u00e1veis e podem ser desativados nas configura\u00e7\u00f5es do seu navegador.<\/p>\n<p><!-- \/wp:paragraph --><!-- wp:heading --><\/p>\n<h2 class=\"wp-block-heading\"><b>Conte\u00fado incorporado de outros websites<\/b><\/h2>\n<p><!-- \/wp:heading --><!-- wp:paragraph --><\/p>\n<p>Os artigos neste site podem incluir conte\u00fado incorporado (por exemplo, v\u00eddeos, imagens, artigos, etc.). O conte\u00fado incorporado de outros websites comporta-se exatamente da mesma maneira como se o visitante tivesse visitado o outro website.<\/p>\n<p><!-- \/wp:paragraph --><!-- wp:paragraph --><\/p>\n<p>Estes websites podem recolher dados sobre si, usar cookies, incorporar rastreamento adicional de terceiros e monitorizar a sua intera\u00e7\u00e3o com esse conte\u00fado incorporado, incluindo o rastreamento da sua intera\u00e7\u00e3o com o conte\u00fado incorporado se tiver uma conta e estiver com sess\u00e3o iniciada nesse website.<\/p>\n<p><!-- \/wp:paragraph --><!-- wp:heading --><\/p>\n<h2 class=\"wp-block-heading\"><b>Com quem partilhamos os seus dados<\/b><\/h2>\n<p><!-- \/wp:heading --><!-- wp:paragraph --><\/p>\n<p>Os dados fornecidos atrav\u00e9s dos formul\u00e1rios s\u00e3o utilizados exclusivamente para os fins indicados e n\u00e3o s\u00e3o partilhados com terceiros, exceto quando necess\u00e1rio para cumprir obriga\u00e7\u00f5es legais ou fornecer o servi\u00e7o solicitado.<\/p>\n<p><!-- \/wp:paragraph --><!-- wp:heading --><\/p>\n<h2 class=\"wp-block-heading\"><b>Por quanto tempo retemos os seus dados<\/b><\/h2>\n<p><!-- \/wp:heading --><!-- wp:paragraph --><\/p>\n<p>Os dados fornecidos atrav\u00e9s dos formul\u00e1rios ser\u00e3o mantidos apenas pelo tempo necess\u00e1rio para atender ao prop\u00f3sito para o qual foram recolhidos ou para cumprir obriga\u00e7\u00f5es legais.<\/p>\n<p><!-- \/wp:paragraph --><!-- wp:heading --><\/p>\n<h2 class=\"wp-block-heading\"><b>Quais os seus direitos sobre os seus dados<\/b><\/h2>\n<p><!-- \/wp:heading --><!-- wp:paragraph --><\/p>\n<p>Pode solicitar para receber um ficheiro exportado dos dados pessoais que mantemos sobre si, incluindo quaisquer dados que nos tenha fornecido atrav\u00e9s dos formul\u00e1rios. Tamb\u00e9m pode solicitar que apaguemos quaisquer dados pessoais que mantemos sobre si. Isto n\u00e3o inclui quaisquer dados que sejamos obrigados a manter para fins administrativos, legais ou de seguran\u00e7a.<\/p>\n<p><!-- \/wp:paragraph --><!-- wp:heading --><\/p>\n<h2 class=\"wp-block-heading\"><b>Para onde enviamos os seus dados<\/b><\/h2>\n<p><!-- \/wp:heading --><!-- wp:paragraph --><\/p>\n<p>Os dados recolhidos atrav\u00e9s de formul\u00e1rios podem ser verificados atrav\u00e9s de um servi\u00e7o automatizado de dete\u00e7\u00e3o de spam.<\/p>\n<p><!-- \/wp:paragraph --><!-- wp:heading --><\/p>\n<h2 class=\"wp-block-heading\"><b>As suas informa\u00e7\u00f5es de contacto<\/b><\/h2>\n<p><!-- \/wp:heading --><!-- wp:paragraph --><\/p>\n<p>Para qualquer quest\u00e3o relacionada com a privacidade dos seus dados, por favor entre em contacto connosco atrav\u00e9s do nosso email de suporte dispon\u00edvel no site.<\/p>\n<p><!-- \/wp:paragraph --><!-- wp:heading --><\/p>\n<h2 class=\"wp-block-heading\"><b>Informa\u00e7\u00f5es adicionais<\/b><\/h2>\n<p><!-- \/wp:heading --><!-- wp:paragraph --><\/p>\n<p><strong>Como protegemos os seus dados:<\/strong>\u00a0Implementamos medidas de seguran\u00e7a t\u00e9cnicas e organizacionais para proteger os seus dados contra acesso n\u00e3o autorizado, perda ou destrui\u00e7\u00e3o.<\/p>\n<p><!-- \/wp:paragraph --><!-- wp:paragraph --><\/p>\n<p><strong>Que procedimentos temos em caso de viola\u00e7\u00f5es de dados:<\/strong>\u00a0Em caso de viola\u00e7\u00e3o, notificaremos as autoridades competentes e os utilizadores afetados dentro do prazo legalmente estabelecido.<\/p>\n<p><!-- \/wp:paragraph --><!-- wp:paragraph --><\/p>\n<p><strong>De quais terceiros recebemos dados:<\/strong>\u00a0N\u00e3o recebemos dados de terceiros.<\/p>\n<p><!-- \/wp:paragraph --><!-- wp:paragraph --><\/p>\n<p><strong>Que tomada de decis\u00e3o automatizada e\/ou defini\u00e7\u00e3o de perfil fazemos com os dados dos utilizadores:<\/strong>\u00a0N\u00e3o utilizamos tomadas de decis\u00e3o automatizadas nem defini\u00e7\u00f5es de perfil com base nos dados dos utilizadores.<\/p>\n<p><!-- \/wp:paragraph --><!-- wp:paragraph --><\/p>\n<p><strong>Requisitos de divulga\u00e7\u00e3o regulamentar da ind\u00fastria:<\/strong>\u00a0Estamos em conformidade com as regulamenta\u00e7\u00f5es de privacidade aplic\u00e1veis, incluindo o RGPD.<\/p>\t\t\t\t\t\t\t\t<\/div>\n\t\t\t\t<\/div>\n\t\t\t\t<div class=\"elementor-element elementor-element-c95b35f elementor-widget elementor-widget-spacer\" data-id=\"c95b35f\" data-element_type=\"widget\" data-widget_type=\"spacer.default\">\n\t\t\t\t<div class=\"elementor-widget-container\">\n\t\t\t\t\t\t\t<div class=\"elementor-spacer\">\n\t\t\t<div class=\"elementor-spacer-inner\"><\/div>\n\t\t<\/div>\n\t\t\t\t\t\t<\/div>\n\t\t\t\t<\/div>\n\t\t\t\t\t<\/div>\n\t\t<\/div>\n\t\t\t\t\t<\/div>\n\t\t<\/section>\n\t\t\t\t<\/div>","protected":false},"excerpt":{"rendered":"<p>POL\u00cdTICA DE PRIVACIDADE\u200b Quem somos A TBI &#8211; Investimentos \u00e9 uma empresa portuguesa especializada em constru\u00e7\u00e3o e promo\u00e7\u00e3o imobili\u00e1ria. O nosso site \u00e9: tbi-invest.com. Dados recolhidos atrav\u00e9s de formul\u00e1rios Quando preenche um formul\u00e1rio no nosso site, recolhemos os dados fornecidos, como nome, endere\u00e7o de email e qualquer outra informa\u00e7\u00e3o solicitada no formul\u00e1rio. Estes dados ser\u00e3o utilizados apenas para os fins indicados no momento da recolha, como responder \u00e0 sua solicita\u00e7\u00e3o ou fornecer o servi\u00e7o solicitado. Cookies Podemos utilizar cookies para melhorar a sua experi\u00eancia de navega\u00e7\u00e3o no site. Estes cookies n\u00e3o recolhem dados pessoais identific\u00e1veis e podem ser desativados nas configura\u00e7\u00f5es do seu navegador. Conte\u00fado incorporado de outros websites Os artigos neste site podem incluir conte\u00fado incorporado (por exemplo, v\u00eddeos, imagens, artigos, etc.). O conte\u00fado incorporado de outros websites comporta-se exatamente da mesma maneira como se o visitante tivesse visitado o outro website. Estes websites podem recolher dados sobre si, usar cookies, incorporar rastreamento adicional de terceiros e monitorizar a sua intera\u00e7\u00e3o com esse conte\u00fado incorporado, incluindo o rastreamento da sua intera\u00e7\u00e3o com o conte\u00fado incorporado se tiver uma conta e estiver com sess\u00e3o iniciada nesse website. Com quem partilhamos os seus dados Os dados fornecidos atrav\u00e9s dos formul\u00e1rios s\u00e3o utilizados exclusivamente para os fins indicados e n\u00e3o s\u00e3o partilhados com terceiros, exceto quando necess\u00e1rio para cumprir obriga\u00e7\u00f5es legais ou fornecer o servi\u00e7o solicitado. Por quanto tempo retemos os seus dados Os dados fornecidos atrav\u00e9s dos formul\u00e1rios ser\u00e3o mantidos apenas pelo tempo necess\u00e1rio para atender ao prop\u00f3sito para o qual foram recolhidos ou para cumprir obriga\u00e7\u00f5es legais. Quais os seus direitos sobre os seus dados Pode solicitar para receber um ficheiro exportado dos dados pessoais que mantemos sobre si, incluindo quaisquer dados que nos tenha fornecido atrav\u00e9s dos formul\u00e1rios. Tamb\u00e9m pode solicitar que apaguemos quaisquer dados pessoais que mantemos sobre si. Isto n\u00e3o inclui quaisquer dados que sejamos obrigados a manter para fins administrativos, legais ou de seguran\u00e7a. Para onde enviamos os seus dados Os dados recolhidos atrav\u00e9s de formul\u00e1rios podem ser verificados atrav\u00e9s de um servi\u00e7o automatizado de dete\u00e7\u00e3o de spam. As suas informa\u00e7\u00f5es de contacto Para qualquer quest\u00e3o relacionada com a privacidade dos seus dados, por favor entre em contacto connosco atrav\u00e9s do nosso email de suporte dispon\u00edvel no site. Informa\u00e7\u00f5es adicionais Como protegemos os seus dados:\u00a0Implementamos medidas de seguran\u00e7a t\u00e9cnicas e organizacionais para proteger os seus dados contra acesso n\u00e3o autorizado, perda ou destrui\u00e7\u00e3o. Que procedimentos temos em caso de viola\u00e7\u00f5es de dados:\u00a0Em caso de viola\u00e7\u00e3o, notificaremos as autoridades competentes e os utilizadores afetados dentro do prazo legalmente estabelecido. De quais terceiros recebemos dados:\u00a0N\u00e3o recebemos dados de terceiros. Que tomada de decis\u00e3o automatizada e\/ou defini\u00e7\u00e3o de perfil fazemos com os dados dos utilizadores:\u00a0N\u00e3o utilizamos tomadas de decis\u00e3o automatizadas nem defini\u00e7\u00f5es de perfil com base nos dados dos utilizadores. Requisitos de divulga\u00e7\u00e3o regulamentar da ind\u00fastria:\u00a0Estamos em conformidade com as regulamenta\u00e7\u00f5es de privacidade aplic\u00e1veis, incluindo o RGPD.<\/p>","protected":false},"author":1,"featured_media":0,"parent":0,"menu_order":0,"comment_status":"closed","ping_status":"closed","template":"","meta":{"footnotes":""},"class_list":["post-3","page","type-page","status-publish","hentry"],"_links":{"self":[{"href":"https:\/\/tbi-invest.com\/en\/wp-json\/wp\/v2\/pages\/3","targetHints":{"allow":["GET"]}}],"collection":[{"href":"https:\/\/tbi-invest.com\/en\/wp-json\/wp\/v2\/pages"}],"about":[{"href":"https:\/\/tbi-invest.com\/en\/wp-json\/wp\/v2\/types\/page"}],"author":[{"embeddable":true,"href":"https:\/\/tbi-invest.com\/en\/wp-json\/wp\/v2\/users\/1"}],"replies":[{"embeddable":true,"href":"https:\/\/tbi-invest.com\/en\/wp-json\/wp\/v2\/comments?post=3"}],"version-history":[{"count":8,"href":"https:\/\/tbi-invest.com\/en\/wp-json\/wp\/v2\/pages\/3\/revisions"}],"predecessor-version":[{"id":1877,"href":"https:\/\/tbi-invest.com\/en\/wp-json\/wp\/v2\/pages\/3\/revisions\/1877"}],"wp:attachment":[{"href":"https:\/\/tbi-invest.com\/en\/wp-json\/wp\/v2\/media?parent=3"}],"curies":[{"name":"wp","href":"https:\/\/api.w.org\/{rel}","templated":true}]}}